{"id":17874,"date":"2021-03-31T13:47:19","date_gmt":"2021-03-31T10:47:19","guid":{"rendered":"http:\/\/www.konsuls.lv\/?page_id=17874"},"modified":"2021-11-02T17:55:39","modified_gmt":"2021-11-02T15:55:39","slug":"specialists","status":"publish","type":"page","link":"https:\/\/www.konsuls.lv\/en\/specialists\/","title":{"rendered":"Specialists"},"content":{"rendered":"<h3 style=\"text-align: center;\"><strong>OUR LEADING CONSULTANTS<\/strong><\/h3>\n<p><span style=\"font-size: 14pt;\"><br \/><\/span><\/p>\n<h4><span style=\"font-size: 14pt;\"><strong>EVEL\u012aNA GRAVA<\/strong><\/span><\/h4>\n<p><span style=\"font-size: 14pt;\"><br \/><\/span><\/p>\n<p><span style=\"font-size: 14pt;\"><strong><img loading=\"lazy\" class=\"wp-image-18439 alignleft\" src=\"https:\/\/www.konsuls.lv\/wp-content\/uploads\/2021\/10\/imageonline-co-blackandwhiteimage-300x300.png\" alt=\"\" width=\"130\" height=\"129\" srcset=\"https:\/\/www.konsuls.lv\/wp-content\/uploads\/2021\/10\/imageonline-co-blackandwhiteimage-300x300.png 300w, https:\/\/www.konsuls.lv\/wp-content\/uploads\/2021\/10\/imageonline-co-blackandwhiteimage-1024x1024.png 1024w, https:\/\/www.konsuls.lv\/wp-content\/uploads\/2021\/10\/imageonline-co-blackandwhiteimage-150x150.png 150w, https:\/\/www.konsuls.lv\/wp-content\/uploads\/2021\/10\/imageonline-co-blackandwhiteimage-768x768.png 768w, https:\/\/www.konsuls.lv\/wp-content\/uploads\/2021\/10\/imageonline-co-blackandwhiteimage-1536x1536.png 1536w, https:\/\/www.konsuls.lv\/wp-content\/uploads\/2021\/10\/imageonline-co-blackandwhiteimage-12x12.png 12w, https:\/\/www.konsuls.lv\/wp-content\/uploads\/2021\/10\/imageonline-co-blackandwhiteimage-570x570.png 570w, https:\/\/www.konsuls.lv\/wp-content\/uploads\/2021\/10\/imageonline-co-blackandwhiteimage-500x500.png 500w, https:\/\/www.konsuls.lv\/wp-content\/uploads\/2021\/10\/imageonline-co-blackandwhiteimage-1000x1000.png 1000w, https:\/\/www.konsuls.lv\/wp-content\/uploads\/2021\/10\/imageonline-co-blackandwhiteimage-700x700.png 700w, https:\/\/www.konsuls.lv\/wp-content\/uploads\/2021\/10\/imageonline-co-blackandwhiteimage.png 1576w\" sizes=\"(max-width: 130px) 100vw, 130px\" \/>A SELF-DEVELOPMENT CONSULTANT &amp; PSYCHOTHERAPIST<\/strong><\/span><\/p>\n<p><span style=\"font-size: 14pt;\">Evel\u012bna has worked as a psychotherapist for more than 25 years, working in the area of gestalt therapy. In her work, she offers a creative, individual, innovative and professional approach. Evel\u012bna&#8217;s strength and uniqueness rest in her vivid interest about her work and her well-developed ability to feel true empathy. She inspires people in accordance with their abilities and potential.<\/span><\/p>\n<p><span style=\"font-size: 14pt;\"><br \/><\/span><\/p>\n<p><span style=\"font-size: 14pt;\"><em>\u201cSelflessness toward oneself is of great value, because it is freedom.\u201d<\/em> \/Evel\u012bna Grava, \u201cRefined Evil\u201d\/<\/span><\/p>\n<p><span style=\"font-size: 14pt;\"><br \/><\/span><\/p>\n<p><span style=\"font-size: 14pt;\"><strong>AUTHOR OF PERSONAL &amp; PROFESSIONAL GROWTH AND DEVELOPMENT PROGRAMMES<\/strong><\/span><\/p>\n<p><span style=\"font-size: 14pt;\">Evel\u012bna <\/span><span style=\"font-size: 14pt;\">d<\/span><span style=\"font-size: 14pt;\">esigns individual training programmes and consultations for each company. The programmes focus on managem<\/span><span style=\"font-size: 14pt;\">e<\/span><span style=\"font-size: 14pt;\">nt of change, monitoring of competitors, and corporate development.\u00a0 Her seminars are in much demand among top businesspeople and business owners. Evel\u012bna Grava&#8217;s original programme, <\/span><em style=\"font-size: 14pt;\">\u201cPsychological counterintelligence\u201d \u2013 antimanipulations<\/em><span style=\"font-size: 14pt;\"> has been her best-known brand for the past several years.<\/span><\/p>\n<p><span style=\"font-size: 14pt;\"><br \/><\/span><\/p>\n<br \/>\n<p><span style=\"font-size: 14pt;\"><strong>PUBLICIST &amp; AUTHOR<\/strong><\/span><\/p>\n<div id=\"attachment_18570\" style=\"width: 310px\" class=\"wp-caption alignright\"><img aria-describedby=\"caption-attachment-18570\" loading=\"lazy\" class=\"wp-image-18570 size-medium\" src=\"https:\/\/www.konsuls.lv\/wp-content\/uploads\/2021\/11\/foto-viena-no-smalkakajam-latvijas-muizam-prezenteta-ipasa-gramata-58e1f7f4803a5-300x200.jpg\" alt=\"Opening of the book \u201cPsychology and Cuisine or Cuisine and Psychology\u201d.\" width=\"300\" height=\"200\" srcset=\"https:\/\/www.konsuls.lv\/wp-content\/uploads\/2021\/11\/foto-viena-no-smalkakajam-latvijas-muizam-prezenteta-ipasa-gramata-58e1f7f4803a5-300x200.jpg 300w, https:\/\/www.konsuls.lv\/wp-content\/uploads\/2021\/11\/foto-viena-no-smalkakajam-latvijas-muizam-prezenteta-ipasa-gramata-58e1f7f4803a5-768x512.jpg 768w, https:\/\/www.konsuls.lv\/wp-content\/uploads\/2021\/11\/foto-viena-no-smalkakajam-latvijas-muizam-prezenteta-ipasa-gramata-58e1f7f4803a5-16x12.jpg 16w, https:\/\/www.konsuls.lv\/wp-content\/uploads\/2021\/11\/foto-viena-no-smalkakajam-latvijas-muizam-prezenteta-ipasa-gramata-58e1f7f4803a5-700x467.jpg 700w, https:\/\/www.konsuls.lv\/wp-content\/uploads\/2021\/11\/foto-viena-no-smalkakajam-latvijas-muizam-prezenteta-ipasa-gramata-58e1f7f4803a5.jpg 1000w\" sizes=\"(max-width: 300px) 100vw, 300px\" \/><p id=\"caption-attachment-18570\" class=\"wp-caption-text\">Opening of the book \u201cPsychology and Cuisine or Cuisine and Psychology\u201d.<\/p><\/div>\n<p><span style=\"font-size: 14pt;\">\u00a0She has written three books and a number of other publications.\u00a0 In 1997, E. Grava released the book <em>\u201cRecipe for all Recipes\u201d<\/em>, and in 2013, she published her second book, <em>\u201cRefined Evil\u201d<\/em>. The book became a bestseller and was in much demand at bookstores and libraries in Latvia. At the initiative of the Imants Ziedonis Foundation <em>\u201cViegli\u201d<\/em>, E. Grava was invited to apply for a Baltic Assembly award in science in 2014.\u00a0 \u201cRefined Evil\u201d also inspired a performance at the R\u012bga&#8217;s Improvisation Theatre. The publication about the book was included in the latest literature guide &#8220;P\u0113r\u013cu zvejnieks&#8221; (Nov-Dec 2013). In 2017, in cooperation with Daniel Jahn, an expert and collector of antique works of art of German origin, Evel\u012bna Grava presented the book <em>\u201cPsychology and Cuisine or Cuisine and Psychology\u201d<\/em>.<\/span><\/p>\n<p><span style=\"font-size: 14pt;\"><br \/><\/span><\/p>\n<hr \/>\n<p><span style=\"font-size: 14pt;\"><br \/><\/span><\/p>\n<h4><span style=\"font-size: 14pt;\"><strong>AGRIS GRAVA<\/strong><\/span><\/h4>\n<p><span style=\"font-size: 14pt;\"><br \/><\/span><\/p>\n<p><span style=\"font-size: 14pt;\"><strong><img loading=\"lazy\" class=\"wp-image-18438 alignleft\" src=\"https:\/\/www.konsuls.lv\/wp-content\/uploads\/2021\/10\/AG2-300x300.png\" alt=\"\" width=\"133\" height=\"133\" srcset=\"https:\/\/www.konsuls.lv\/wp-content\/uploads\/2021\/10\/AG2-300x300.png 300w, https:\/\/www.konsuls.lv\/wp-content\/uploads\/2021\/10\/AG2-1024x1024.png 1024w, https:\/\/www.konsuls.lv\/wp-content\/uploads\/2021\/10\/AG2-150x150.png 150w, https:\/\/www.konsuls.lv\/wp-content\/uploads\/2021\/10\/AG2-768x768.png 768w, https:\/\/www.konsuls.lv\/wp-content\/uploads\/2021\/10\/AG2-1536x1536.png 1536w, https:\/\/www.konsuls.lv\/wp-content\/uploads\/2021\/10\/AG2-2048x2048.png 2048w, https:\/\/www.konsuls.lv\/wp-content\/uploads\/2021\/10\/AG2-12x12.png 12w, https:\/\/www.konsuls.lv\/wp-content\/uploads\/2021\/10\/AG2-570x570.png 570w, https:\/\/www.konsuls.lv\/wp-content\/uploads\/2021\/10\/AG2-500x500.png 500w, https:\/\/www.konsuls.lv\/wp-content\/uploads\/2021\/10\/AG2-1000x1000.png 1000w, https:\/\/www.konsuls.lv\/wp-content\/uploads\/2021\/10\/AG2-700x700.png 700w\" sizes=\"(max-width: 133px) 100vw, 133px\" \/><\/strong><\/span><\/p>\n<p><span style=\"font-size: 14pt;\"><strong>PERSONAL AND PROFESSIONAL GROWTH CONSULTANT<\/strong><\/span><\/p>\n<p><span style=\"font-size: 14pt;\">Agris has worked in the business consultation field for more than 25 years, and during this period of time he has organised and implemented around 1,000 individualised business training programmes and consultation projects for leading companies and organisations in the Eastern Europe, also training company representatives in Scandinavia and offering consultations and business strategies in Russia.<\/span><\/p>\n<p><span style=\"font-size: 14pt;\">He still consults and prepares training programmes for organisations, their employees, higher and medium-level managers, board members and company owners.<\/span><\/p>\n<p><span style=\"font-size: 14pt;\">Since 2001, A. Grava has worked with the Commercial Education Centre (KIC, Latvia) in designing and implementing business training and consultation projects.<\/span><\/p>\n<p><span style=\"font-size: 14pt;\">These merge innovative and modern business management trends and practical psychology methods. Agris is the leading consultant of the author&#8217;s program <em>&#8220;Psychological counterintelligence&#8221; \u2013<\/em> <em>antimanipulations.<\/em><\/span><\/p>\n<br \/>\n<div id=\"attachment_18568\" style=\"width: 310px\" class=\"wp-caption alignright\"><img aria-describedby=\"caption-attachment-18568\" loading=\"lazy\" class=\"wp-image-18568 size-medium\" src=\"https:\/\/www.konsuls.lv\/wp-content\/uploads\/2021\/11\/GRO_0677-300x200.jpeg\" alt=\"Leading consultant Agris Grava. Photo by D.Grodzs\" width=\"300\" height=\"200\" srcset=\"https:\/\/www.konsuls.lv\/wp-content\/uploads\/2021\/11\/GRO_0677-300x200.jpeg 300w, https:\/\/www.konsuls.lv\/wp-content\/uploads\/2021\/11\/GRO_0677-1024x683.jpeg 1024w, https:\/\/www.konsuls.lv\/wp-content\/uploads\/2021\/11\/GRO_0677-768x512.jpeg 768w, https:\/\/www.konsuls.lv\/wp-content\/uploads\/2021\/11\/GRO_0677-1536x1024.jpeg 1536w, https:\/\/www.konsuls.lv\/wp-content\/uploads\/2021\/11\/GRO_0677-2048x1365.jpeg 2048w, https:\/\/www.konsuls.lv\/wp-content\/uploads\/2021\/11\/GRO_0677-16x12.jpeg 16w, https:\/\/www.konsuls.lv\/wp-content\/uploads\/2021\/11\/GRO_0677-700x467.jpeg 700w\" sizes=\"(max-width: 300px) 100vw, 300px\" \/><p id=\"caption-attachment-18568\" class=\"wp-caption-text\">Leading consultant Agris Grava. Photo by D.Grodzs<\/p><\/div>\n<p><span style=\"font-size: 14pt;\"><strong>SELF-GROWTH CONSULTANT AND PSYCHOTHERAPIST<\/strong><\/span><\/p>\n<p><span style=\"font-size: 14pt;\">For more than 25 years A. Grava has been a gestalt psychotherapist. He founded the first gestalt centre and organisation in Latvia, and Agris Grava is also a founder and Board member of the Latvian Association of Psychotherapists, as well as the President of the Latvian Gestalt Society. He has improved his personality in recent years by studying under the leading Czech psychoanalyst, Martin Mahler in Prague, as well as by taking part in many other projects related to psychotherapy. A. Grava is a Board Member of both the European Association of Innovative Psychology and the Business Intelligence Club. He has taken part in conferences related to various fields in Latvia and abroad.<\/span><\/p>\n<br \/>\n<p><span style=\"font-size: 14pt;\"><strong>BUSINESSMAN<\/strong><\/span><\/p>\n<p><span style=\"font-size: 14pt;\">A. Grava has more than 20 years of experience in business. He runs and serves as a leading consultant for the Business Union KONSULS. The clients include several dozen of Latvia\u2019s top 500 companies and organisations, both in the state and the private sector, as well as several companies with international capital.\u00a0 The unique nature of the company is that it has a scientific and process-oriented approach, as well as an individual attitude toward each project and client when designing training and consultations. The progressive Training Centre forecasts upcoming business management process trends.<\/span><\/p>\n<p><span style=\"font-size: 14pt;\"><br \/><\/span><\/p>\n<div id=\"highlighter--hover-tools\" style=\"display: none;\">\n<div id=\"highlighter--hover-tools--container\">\n<div class=\"highlighter--icon highlighter--icon-copy\" title=\"Copy\">\u00a0<\/div>\n<div class=\"highlighter--separator\">\u00a0<\/div>\n<div class=\"highlighter--icon highlighter--icon-change-color\" title=\"Change Color\">\u00a0<\/div>\n<div class=\"highlighter--separator\">\u00a0<\/div>\n<div class=\"highlighter--icon highlighter--icon-delete\" title=\"Delete\">\u00a0<\/div>\n<\/div>\n<\/div>","protected":false},"excerpt":{"rendered":"<p>OUR LEADING CONSULTANTS EVEL\u012aNA GRAVA A SELF-DEVELOPMENT CONSULTANT &amp; PSYCHOTHERAPIST Evel\u012bna has worked as a psychotherapist for more than 25 years, working in the area of gestalt therapy. In her&#8230;<\/p>","protected":false},"author":1,"featured_media":18378,"parent":0,"menu_order":0,"comment_status":"closed","ping_status":"closed","template":"","meta":[],"amp_enabled":true,"_links":{"self":[{"href":"https:\/\/www.konsuls.lv\/en\/wp-json\/wp\/v2\/pages\/17874"}],"collection":[{"href":"https:\/\/www.konsuls.lv\/en\/wp-json\/wp\/v2\/pages"}],"about":[{"href":"https:\/\/www.konsuls.lv\/en\/wp-json\/wp\/v2\/types\/page"}],"author":[{"embeddable":true,"href":"https:\/\/www.konsuls.lv\/en\/wp-json\/wp\/v2\/users\/1"}],"replies":[{"embeddable":true,"href":"https:\/\/www.konsuls.lv\/en\/wp-json\/wp\/v2\/comments?post=17874"}],"version-history":[{"count":9,"href":"https:\/\/www.konsuls.lv\/en\/wp-json\/wp\/v2\/pages\/17874\/revisions"}],"predecessor-version":[{"id":18377,"href":"https:\/\/www.konsuls.lv\/en\/wp-json\/wp\/v2\/pages\/17874\/revisions\/18377"}],"wp:featuredmedia":[{"embeddable":true,"href":"https:\/\/www.konsuls.lv\/en\/wp-json\/wp\/v2\/media\/18378"}],"wp:attachment":[{"href":"https:\/\/www.konsuls.lv\/en\/wp-json\/wp\/v2\/media?parent=17874"}],"curies":[{"name":"wp","href":"https:\/\/api.w.org\/{rel}","templated":true}]}}