{"id":18469,"date":"2021-11-01T10:27:57","date_gmt":"2021-11-01T08:27:57","guid":{"rendered":"https:\/\/www.konsuls.lv\/?page_id=18469"},"modified":"2021-12-06T14:21:26","modified_gmt":"2021-12-06T12:21:26","slug":"apie-mus","status":"publish","type":"page","link":"https:\/\/www.konsuls.lv\/lt\/apie-mus\/","title":{"rendered":"Apie mus"},"content":{"rendered":"<p><span style=\"font-size: 14pt;\"><strong><img loading=\"lazy\" class=\"wp-image-18470 alignleft\" src=\"https:\/\/www.konsuls.lv\/wp-content\/uploads\/2021\/11\/EN-Konsuls-logotype-289x300.png\" alt=\"\" width=\"172\" height=\"179\" srcset=\"https:\/\/www.konsuls.lv\/wp-content\/uploads\/2021\/11\/EN-Konsuls-logotype-289x300.png 289w, https:\/\/www.konsuls.lv\/wp-content\/uploads\/2021\/11\/EN-Konsuls-logotype-986x1024.png 986w, https:\/\/www.konsuls.lv\/wp-content\/uploads\/2021\/11\/EN-Konsuls-logotype-768x798.png 768w, https:\/\/www.konsuls.lv\/wp-content\/uploads\/2021\/11\/EN-Konsuls-logotype-12x12.png 12w, https:\/\/www.konsuls.lv\/wp-content\/uploads\/2021\/11\/EN-Konsuls-logotype-700x727.png 700w, https:\/\/www.konsuls.lv\/wp-content\/uploads\/2021\/11\/EN-Konsuls-logotype.png 1080w\" sizes=\"(max-width: 172px) 100vw, 172px\" \/><\/strong><\/span><\/p>\n<h3><strong>APIE MUS<\/strong><\/h3>\n<br \/>\n<p><span style=\"font-size: 14pt;\"><strong>Unikalumas, kompetencija, precizi\u0161kumas, kokyb\u0117<\/strong><\/span><\/p>\n<br \/>\n<p><span style=\"font-size: 12pt;\"><span style=\"font-size: 18pt;\"><strong>J<\/strong><\/span><span style=\"font-size: 14pt;\">au nuo 2000 m. valdymo proces\u0173 konsultavimo ir personalo mokym\u0173 \u012fmon\u0117s unikalumas grind\u017eiamas moksliniu, \u012f proces\u0105, kiekvien\u0105 projekt\u0105 ir klient\u0105 orientuotu po\u017ei\u016briu. Progresyvus mokym\u0173 centras yra akredituota t\u0119stinio profesinio mokymo ir tobulinimo \u0161vietimo \u012fstaiga, kuri apjungia profesionali\u0105 konsultant\u0173 komand\u0105 su valdymo proces\u0173 konsultavimo, vadovyb\u0117s ir personalo mokym\u0173, projekt\u0173 valdymo ir asmeninio tobul\u0117jimo konsultavimo patirtimi.<\/span><\/span><\/p>\n<p><span style=\"font-size: 14pt;\"><br \/><\/span><\/p>\n<p><span style=\"font-size: 14pt;\">Klientai yra \u0161i\u0173 sri\u010di\u0173 privataus ir vie\u0161ojo sektoriaus organizacijos: IT ir telekomunikacijos, gamybos, pardavimo ir paslaug\u0173, keli\u0173 tiesimo ir prie\u017ei\u016bros, finans\u0173 ir draudimo, kult\u016bros ir sporto, statybos, personalo atrankos, mi\u0161kotvarkos, teisini\u0173 paslaug\u0173 ir kt.<\/span><\/p>\n<p><span style=\"font-size: 14pt;\"><br \/><\/span><\/p>\n<p><span style=\"font-size: 14pt;\">Programos absolventai yra \u012fmoni\u0173 savininkai, auk\u0161\u010diausia vadovyb\u0117, auk\u0161to lygio specialistai ir nepriklausomi konsultantai.<\/span><\/p>\n<p><span style=\"font-size: 12pt;\"><br \/><\/span><\/p>\n<br \/>","protected":false},"excerpt":{"rendered":"<p>APIE MUS Unikalumas, kompetencija, precizi\u0161kumas, kokyb\u0117 Jau nuo 2000 m. valdymo proces\u0173 konsultavimo ir personalo mokym\u0173 \u012fmon\u0117s unikalumas grind\u017eiamas moksliniu, \u012f proces\u0105, kiekvien\u0105 projekt\u0105 ir klient\u0105 orientuotu po\u017ei\u016briu. Progresyvus mokym\u0173&#8230;<\/p>","protected":false},"author":1,"featured_media":0,"parent":0,"menu_order":0,"comment_status":"closed","ping_status":"closed","template":"","meta":[],"amp_enabled":true,"_links":{"self":[{"href":"https:\/\/www.konsuls.lv\/lt\/wp-json\/wp\/v2\/pages\/18469"}],"collection":[{"href":"https:\/\/www.konsuls.lv\/lt\/wp-json\/wp\/v2\/pages"}],"about":[{"href":"https:\/\/www.konsuls.lv\/lt\/wp-json\/wp\/v2\/types\/page"}],"author":[{"embeddable":true,"href":"https:\/\/www.konsuls.lv\/lt\/wp-json\/wp\/v2\/users\/1"}],"replies":[{"embeddable":true,"href":"https:\/\/www.konsuls.lv\/lt\/wp-json\/wp\/v2\/comments?post=18469"}],"version-history":[{"count":6,"href":"https:\/\/www.konsuls.lv\/lt\/wp-json\/wp\/v2\/pages\/18469\/revisions"}],"predecessor-version":[{"id":18851,"href":"https:\/\/www.konsuls.lv\/lt\/wp-json\/wp\/v2\/pages\/18469\/revisions\/18851"}],"wp:attachment":[{"href":"https:\/\/www.konsuls.lv\/lt\/wp-json\/wp\/v2\/media?parent=18469"}],"curies":[{"name":"wp","href":"https:\/\/api.w.org\/{rel}","templated":true}]}}