{"id":18475,"date":"2021-11-01T10:41:21","date_gmt":"2021-11-01T08:41:21","guid":{"rendered":"https:\/\/www.konsuls.lv\/?page_id=18475"},"modified":"2021-11-28T16:48:45","modified_gmt":"2021-11-28T14:48:45","slug":"konsultantai","status":"publish","type":"page","link":"https:\/\/www.konsuls.lv\/lt\/konsultantai\/","title":{"rendered":"Konsultantai"},"content":{"rendered":"<div      class=\"vc_row wpb_row section vc_row-fluid\" style=' text-align:left;'><div class=\"full_section_inner clearfix\"><div class=\"wpb_column vc_column_container vc_col-sm-12\"><div class=\"vc_column-inner\"><div class=\"wpb_wrapper\">\n\t<div class=\"wpb_text_column wpb_content_element\">\n\t\t<div class=\"wpb_wrapper\">\n\t\t\t<h3 style=\"text-align: center;\">Konsultantai<\/h3>\n\n\t\t<\/div> \n\t<\/div> \t<div class=\"vc_empty_space\"  style=\"height: 64px\" ><span\n\t\t\tclass=\"vc_empty_space_inner\">\n\t\t\t<span class=\"empty_space_image\"  ><\/span>\n\t\t<\/span><\/div>\n\n<\/div><\/div><\/div><\/div><\/div><div      class=\"vc_row wpb_row section vc_row-fluid\" style=' text-align:left;'><div class=\"full_section_inner clearfix\"><div class=\"wpb_column vc_column_container vc_col-sm-12\"><div class=\"vc_column-inner\"><div class=\"wpb_wrapper\">\n\t<div class=\"wpb_text_column wpb_content_element\">\n\t\t<div class=\"wpb_wrapper\">\n\t\t\t<h3 style=\"text-align: center;\">\u00a0<\/h3>\n<h4><span style=\"font-size: 14pt;\"><strong>EVEL\u012aNA GRAVA:<\/strong> k\u016brybin\u0117 mokslinink\u0117, nuolatos besidominti naujovi\u0173 ir atradim\u0173 k\u016brimu. <br \/><\/span><\/h4>\n<p><span style=\"font-size: 14pt;\">Ge\u0161talto psichoterapija, asmenyb\u0117s ugdymas, verslo augimas, literat\u016bra.<\/span><\/p>\n<p><span style=\"font-size: 14pt;\"><br \/><\/span> <span style=\"font-size: 14pt;\"><strong><img loading=\"lazy\" class=\"wp-image-18439 alignleft\" src=\"https:\/\/www.konsuls.lv\/wp-content\/uploads\/2021\/10\/imageonline-co-blackandwhiteimage-300x300.png\" alt=\"\" width=\"130\" height=\"129\" srcset=\"https:\/\/www.konsuls.lv\/wp-content\/uploads\/2021\/10\/imageonline-co-blackandwhiteimage-300x300.png 300w, https:\/\/www.konsuls.lv\/wp-content\/uploads\/2021\/10\/imageonline-co-blackandwhiteimage-1024x1024.png 1024w, https:\/\/www.konsuls.lv\/wp-content\/uploads\/2021\/10\/imageonline-co-blackandwhiteimage-150x150.png 150w, https:\/\/www.konsuls.lv\/wp-content\/uploads\/2021\/10\/imageonline-co-blackandwhiteimage-768x768.png 768w, https:\/\/www.konsuls.lv\/wp-content\/uploads\/2021\/10\/imageonline-co-blackandwhiteimage-1536x1536.png 1536w, https:\/\/www.konsuls.lv\/wp-content\/uploads\/2021\/10\/imageonline-co-blackandwhiteimage-12x12.png 12w, https:\/\/www.konsuls.lv\/wp-content\/uploads\/2021\/10\/imageonline-co-blackandwhiteimage-570x570.png 570w, https:\/\/www.konsuls.lv\/wp-content\/uploads\/2021\/10\/imageonline-co-blackandwhiteimage-500x500.png 500w, https:\/\/www.konsuls.lv\/wp-content\/uploads\/2021\/10\/imageonline-co-blackandwhiteimage-1000x1000.png 1000w, https:\/\/www.konsuls.lv\/wp-content\/uploads\/2021\/10\/imageonline-co-blackandwhiteimage-700x700.png 700w, https:\/\/www.konsuls.lv\/wp-content\/uploads\/2021\/10\/imageonline-co-blackandwhiteimage.png 1576w\" sizes=\"(max-width: 130px) 100vw, 130px\" \/><\/strong><\/span><\/p>\n<h4>\u00a0<\/h4>\n\n\t\t<\/div> \n\t<\/div> <\/div><\/div><\/div><\/div><\/div><div      class=\"vc_row wpb_row section vc_row-fluid\" style=' text-align:left;'><div class=\"full_section_inner clearfix\"><div class=\"wpb_column vc_column_container vc_col-sm-12\"><div class=\"vc_column-inner\"><div class=\"wpb_wrapper\">\t<div class=\"vc_empty_space\"  style=\"height: 32px\" ><span\n\t\t\tclass=\"vc_empty_space_inner\">\n\t\t\t<span class=\"empty_space_image\"  ><\/span>\n\t\t<\/span><\/div>\n\n<\/div><\/div><\/div><\/div><\/div><div      class=\"vc_row wpb_row section vc_row-fluid\" style=' text-align:left;'><div class=\"full_section_inner clearfix\"><div class=\"wpb_column vc_column_container vc_col-sm-12\"><div class=\"vc_column-inner\"><div class=\"wpb_wrapper\">\n\t<div class=\"q_accordion_holder clearfix wpb_content_element accordion without_icon  not-column-inherit\" data-active-tab=\"false\" data-collapsible=\"yes\" data-border-radius=\"\">\n\t\t\t\n\t\t\t\t<h5 class=\"clearfix title-holder\" style=\"\"><span class=\"accordion_mark left_mark\"><span class=\"accordion_mark_icon\"><\/span><\/span><span class=\"tab-title\">Savirai\u0161kos konsultant\u0117 ir psichoterapeut\u0117<\/span><span class=\"accordion_mark right_mark\"><span class=\"accordion_mark_icon\"><\/span><\/span><\/h5>\n\t\t\t\t<div  class=\"accordion_content no_icon\">\n\t\t\t<div class=\"accordion_content_inner\">\n\t\t\t\t\n\t<div class=\"wpb_text_column wpb_content_element\">\n\t\t<div class=\"wpb_wrapper\">\n\t\t\t<p><span style=\"font-size: 14pt;\">Daugiau nei 25 metus dirba psichoterapijos srityje, atstovauja ge\u0161talto psichoterapijos krypt\u012f. Jos profesinis brai\u017eas \u2013 k\u016brybinis, individualus ir naujovi\u0161kas po\u017ei\u016bris. E. Gravos j\u0117ga ir unikalumas slypi dideliame susidom\u0117jime savo darbu ir i\u0161puosel\u0117tas sugeb\u0117jimas jausti tikr\u0105 empatij\u0105 \u2013 \u012fkv\u0117pti \u017emones pagal j\u0173 asmeninius sugeb\u0117jimus ir potencial\u0105.<\/span><\/p>\n<p><span style=\"font-size: 14pt;\">\u201c<em>Nesavanaudi\u0161kumas sau \u2013 didel\u0117 vertyb\u0117. Tod\u0117l, kad tai laisv\u0117.<\/em>\u201d Knyga \u201eI\u0161puosel\u0117tas blogis\u201c (\u201e<em>Izkoptais \u013caunums<\/em>\u201c).<\/span><\/p>\n\n\t\t<\/div> \n\t<\/div> \n\t\t\t<\/div>\n\t\t\t\t<\/div>\n\n\t\t\t\t<h5 class=\"clearfix title-holder\" style=\"\"><span class=\"accordion_mark left_mark\"><span class=\"accordion_mark_icon\"><\/span><\/span><span class=\"tab-title\">Asmeninio ir profesinio tobul\u0117jimo program\u0173 autor\u0117<\/span><span class=\"accordion_mark right_mark\"><span class=\"accordion_mark_icon\"><\/span><\/span><\/h5>\n\t\t\t\t<div  class=\"accordion_content no_icon\">\n\t\t\t<div class=\"accordion_content_inner\">\n\t\t\t\t\n\t<div class=\"wpb_text_column wpb_content_element\">\n\t\t<div class=\"wpb_wrapper\">\n\t\t\t<p>&nbsp;<\/p>\n<p><span style=\"font-size: 14pt;\">E. Grava sudaro individualias mokymo programas ir konsultacijas pagal kiekvienos \u012fmon\u0117s specifik\u0105. Programomis naudojasi verslininkai poky\u010di\u0173 procesams valdyti, konkurentams steb\u0117ti ir verslo pl\u0117trai. Tarp auk\u0161\u010diausiojo lygio vadov\u0173 ir savinink\u0173 yra populiar\u016bs jos vedami verslo seminarai. Jau kelet\u0105 met\u0173 E. Gravos autorin\u0117 programa yra labiausiai atpa\u017e\u012fstamas prek\u0117s \u017eenklas.<\/span><\/p>\n\n\t\t<\/div> \n\t<\/div> \n\t\t\t<\/div>\n\t\t\t\t<\/div>\n\n\t\t\t\t<h5 class=\"clearfix title-holder\" style=\"\"><span class=\"accordion_mark left_mark\"><span class=\"accordion_mark_icon\"><\/span><\/span><span class=\"tab-title\">Publicist\u0117 ir ra\u0161ytoja<\/span><span class=\"accordion_mark right_mark\"><span class=\"accordion_mark_icon\"><\/span><\/span><\/h5>\n\t\t\t\t<div  class=\"accordion_content no_icon\">\n\t\t\t<div class=\"accordion_content_inner\">\n\t\t\t\t\n\t<div class=\"wpb_text_column wpb_content_element\">\n\t\t<div class=\"wpb_wrapper\">\n\t\t\t<p>&nbsp;<\/p>\n<p><span style=\"font-size: 14pt;\">Ra\u0161yti prad\u0117jo dar b\u016bdama 14 met\u0173, E. Grava yra 3 knyg\u0173 ir keleto publikacij\u0173 autor\u0117. Pirm\u0105 knyg\u0105 \u201eVis\u0173 recept\u0173 receptas\u201c (\u201e<em>Recepte vis\u0101m recept\u0113m<\/em>\u201c) ji i\u0161leido 1997 m. Antroji knyga \u2013 psichoterapijos vadovas \u201eI\u0161puosel\u0117tas blogis\u201c (\u201e<em>Izkoptais \u013caunums<\/em>\u201c), kuri tapo perkamiausia knyga knygynuose ir paklausiausios literat\u016bros s\u0105ra\u0161uose Latvijos bibliotekose, i\u0161leista 2013 m. O 2017 m. kartu su vokie\u010di\u0173 kilm\u0117s antikvarini\u0173 meno dirbini\u0173 ekspertu ir kolekcionieriumi buvo pristatyta knyga \u201ePsichologija ir kulinarija arba kulinarija ir psichologija\u201c (\u201e<em>Psiholo\u0123ija un kulin\u0101rija vai kulin\u0101rija un psiholo\u0123ija<\/em>\u201c).<\/span><\/p>\n\n\t\t<\/div> \n\t<\/div> \n\t\t\t<\/div>\n\t\t\t\t<\/div>\n\n\t\t\t\t<h5 class=\"clearfix title-holder\" style=\"\"><span class=\"accordion_mark left_mark\"><span class=\"accordion_mark_icon\"><\/span><\/span><span class=\"tab-title\">Verslinink\u0117 ir verslo patar\u0117ja<\/span><span class=\"accordion_mark right_mark\"><span class=\"accordion_mark_icon\"><\/span><\/span><\/h5>\n\t\t\t\t<div  class=\"accordion_content no_icon\">\n\t\t\t<div class=\"accordion_content_inner\">\n\t\t\t\t\n\t<div class=\"wpb_text_column wpb_content_element\">\n\t\t<div class=\"wpb_wrapper\">\n\t\t\t<p>&nbsp;<\/p>\n<p><span style=\"font-size: 14pt;\">Aktyviai u\u017esiima priva\u010diu verslu ir yra Mokym\u0173 centro direktor\u0117. Ir toliau dirba verslo patar\u0117ja kelete de\u0161im\u010di\u0173 \u012fmoni\u0173 ir organizacij\u0173, kurios yra Latvijos vie\u0161ojo ir privataus sektoriaus TOP 500 s\u0105ra\u0161e. Ji turi patirties darbe su keletu u\u017esienio \u012fmoni\u0173. E. Grava yra Verslo \u017evalgybos klubo valdybos nar\u0117.<\/span><\/p>\n\n\t\t<\/div> \n\t<\/div> \n\t\t\t<\/div>\n\t\t\t\t<\/div>\n\n\t<\/div> <\/div><\/div><\/div><\/div><\/div><div      class=\"vc_row wpb_row section vc_row-fluid\" style=' text-align:left;'><div class=\"full_section_inner clearfix\"><div class=\"wpb_column vc_column_container vc_col-sm-12\"><div class=\"vc_column-inner\"><div class=\"wpb_wrapper\">\t<div class=\"vc_empty_space\"  style=\"height: 32px\" ><span\n\t\t\tclass=\"vc_empty_space_inner\">\n\t\t\t<span class=\"empty_space_image\"  ><\/span>\n\t\t<\/span><\/div>\n\n<div class=\"separator  normal\" style=\"\"><\/div>\n\t<div class=\"vc_empty_space\"  style=\"height: 32px\" ><span\n\t\t\tclass=\"vc_empty_space_inner\">\n\t\t\t<span class=\"empty_space_image\"  ><\/span>\n\t\t<\/span><\/div>\n\n<\/div><\/div><\/div><\/div><\/div><div      class=\"vc_row wpb_row section vc_row-fluid\" style=' text-align:left;'><div class=\"full_section_inner clearfix\"><div class=\"wpb_column vc_column_container vc_col-sm-12\"><div class=\"vc_column-inner\"><div class=\"wpb_wrapper\">\n\t<div class=\"wpb_text_column wpb_content_element\">\n\t\t<div class=\"wpb_wrapper\">\n\t\t\t<h4><span style=\"font-size: 14pt;\"><strong>AGRIS GRAVA<\/strong><\/span><\/h4>\n<p><span style=\"font-size: 14pt;\"><br \/><\/span> <span style=\"font-size: 14pt;\"><strong><img loading=\"lazy\" class=\"wp-image-18438 alignleft\" src=\"https:\/\/www.konsuls.lv\/wp-content\/uploads\/2021\/10\/AG2-300x300.png\" alt=\"\" width=\"133\" height=\"133\" srcset=\"https:\/\/www.konsuls.lv\/wp-content\/uploads\/2021\/10\/AG2-300x300.png 300w, https:\/\/www.konsuls.lv\/wp-content\/uploads\/2021\/10\/AG2-1024x1024.png 1024w, https:\/\/www.konsuls.lv\/wp-content\/uploads\/2021\/10\/AG2-150x150.png 150w, https:\/\/www.konsuls.lv\/wp-content\/uploads\/2021\/10\/AG2-768x768.png 768w, https:\/\/www.konsuls.lv\/wp-content\/uploads\/2021\/10\/AG2-1536x1536.png 1536w, https:\/\/www.konsuls.lv\/wp-content\/uploads\/2021\/10\/AG2-2048x2048.png 2048w, https:\/\/www.konsuls.lv\/wp-content\/uploads\/2021\/10\/AG2-12x12.png 12w, https:\/\/www.konsuls.lv\/wp-content\/uploads\/2021\/10\/AG2-570x570.png 570w, https:\/\/www.konsuls.lv\/wp-content\/uploads\/2021\/10\/AG2-500x500.png 500w, https:\/\/www.konsuls.lv\/wp-content\/uploads\/2021\/10\/AG2-1000x1000.png 1000w, https:\/\/www.konsuls.lv\/wp-content\/uploads\/2021\/10\/AG2-700x700.png 700w\" sizes=\"(max-width: 133px) 100vw, 133px\" \/><\/strong><\/span> <\/p>\n\n\t\t<\/div> \n\t<\/div> <\/div><\/div><\/div><\/div><\/div><div      class=\"vc_row wpb_row section vc_row-fluid\" style=' text-align:left;'><div class=\"full_section_inner clearfix\"><div class=\"wpb_column vc_column_container vc_col-sm-12\"><div class=\"vc_column-inner\"><div class=\"wpb_wrapper\">\t<div class=\"vc_empty_space\"  style=\"height: 32px\" ><span\n\t\t\tclass=\"vc_empty_space_inner\">\n\t\t\t<span class=\"empty_space_image\"  ><\/span>\n\t\t<\/span><\/div>\n\n<\/div><\/div><\/div><\/div><\/div><div      class=\"vc_row wpb_row section vc_row-fluid\" style=' text-align:left;'><div class=\"full_section_inner clearfix\"><div class=\"wpb_column vc_column_container vc_col-sm-12\"><div class=\"vc_column-inner\"><div class=\"wpb_wrapper\">\n\t<div class=\"q_accordion_holder clearfix wpb_content_element accordion without_icon  not-column-inherit\" data-active-tab=\"false\" data-collapsible=\"yes\" data-border-radius=\"\">\n\t\t\t\n\t\t\t\t<h5 class=\"clearfix title-holder\" style=\"\"><span class=\"accordion_mark left_mark\"><span class=\"accordion_mark_icon\"><\/span><\/span><span class=\"tab-title\">Asmeninio ir profesinio tobul\u0117jimo konsultantas<\/span><span class=\"accordion_mark right_mark\"><span class=\"accordion_mark_icon\"><\/span><\/span><\/h5>\n\t\t\t\t<div  class=\"accordion_content no_icon\">\n\t\t\t<div class=\"accordion_content_inner\">\n\t\t\t\t\n\t<div class=\"wpb_text_column wpb_content_element\">\n\t\t<div class=\"wpb_wrapper\">\n\t\t\t<p>&nbsp;<\/p>\n<p><span style=\"font-size: 14pt;\">Verslo konsultacij\u0173 srityje dirba jau 25 metus. Per \u0161\u012f laik\u0105 suk\u016br\u0117 ir \u012fgyvendino beveik 1\u00a0000 individuali\u0173 verslo mokym\u0173 program\u0173 ir konsultacij\u0173 projekt\u0173 pirmaujan\u010dioms Ryt\u0173 Europos \u012fmon\u0117ms ir organizacijoms, ved\u0117 Skandinavijos \u012fmon\u0117s mokymus, konsultacijas, reng\u0117 verslo strategijas Rusijoje. Vis dar konsultuoja ir rengia mokym\u0173 programas organizacijoms ir \u012fmon\u0117ms, j\u0173 darbuotojams, auk\u0161\u010diausiojo ir vidurinio lygio vadovams, valdybai ir savininkams. Nuo 2001 m. bendradarbiauja su Verslo mokym\u0173 centru, rengiant ir \u012fgyvendinant verslo mokymus ir konsultacij\u0173 projektus. Jo sukurti mokymai ir konsultacijos apjungia naujovi\u0161kas verslo valdymo tendencijas ir praktin\u0117s psichologijos metodus.<\/span><\/p>\n\n\t\t<\/div> \n\t<\/div> \n\t\t\t<\/div>\n\t\t\t\t<\/div>\n\n\t\t\t\t<h5 class=\"clearfix title-holder\" style=\"\"><span class=\"accordion_mark left_mark\"><span class=\"accordion_mark_icon\"><\/span><\/span><span class=\"tab-title\">Savirai\u0161kos konsultantas ir psichoterapeutas<\/span><span class=\"accordion_mark right_mark\"><span class=\"accordion_mark_icon\"><\/span><\/span><\/h5>\n\t\t\t\t<div  class=\"accordion_content no_icon\">\n\t\t\t<div class=\"accordion_content_inner\">\n\t\t\t\t\n\t<div class=\"wpb_text_column wpb_content_element\">\n\t\t<div class=\"wpb_wrapper\">\n\t\t\t<div id=\"attachment_18568\" class=\"wp-caption alignright\">\n<p>&nbsp;<\/p>\n<\/div>\n<p><span style=\"font-size: 14pt;\">Jis daugiau nei 25 metus yra praktikuojantis ge\u0161talto krypties psichoterapeutas ir asmeninio tobul\u0117jimo treneris. A. Grava yra Latvijos pirmojo ge\u0161talto krypties centro, o v\u0117liau ir draugijos steig\u0117jas, Latvijos psichoterapeut\u0173 draugijos steig\u0117jas ir ilgametis valdybos narys bei Ge\u0161talto draugijos prezidentas. Pastaraisiais metais asmenin\u012f tobul\u0117jim\u0105 jis papild\u0117 pas pirmaujant\u012f \u010dek\u0173 psichoanalitik\u0105 Prahoje, taip pat dalyvavo daugelyje kit\u0173 su psichoterapija susijusi\u0173 projekt\u0173. A. Grava yra Europos pa\u017eangios psichologijos asociacijos ir Verslo \u017evalgybos klubo valdybos narys. Dalyvauju \u012fvairi\u0173 sri\u010di\u0173 konferencijoje Latvijoje ir u\u017e jos rib\u0173.<\/span><\/p>\n\n\t\t<\/div> \n\t<\/div> \n\t\t\t<\/div>\n\t\t\t\t<\/div>\n\n\t\t\t\t<h5 class=\"clearfix title-holder\" style=\"\"><span class=\"accordion_mark left_mark\"><span class=\"accordion_mark_icon\"><\/span><\/span><span class=\"tab-title\">Verslininkas<\/span><span class=\"accordion_mark right_mark\"><span class=\"accordion_mark_icon\"><\/span><\/span><\/h5>\n\t\t\t\t<div  class=\"accordion_content no_icon\">\n\t\t\t<div class=\"accordion_content_inner\">\n\t\t\t\t\n\t<div class=\"wpb_text_column wpb_content_element\">\n\t\t<div class=\"wpb_wrapper\">\n\t\t\t<p>&nbsp;<\/p>\n<p><span style=\"font-size: 14pt;\">A. Grava yra 20 met\u0173 patirt\u012f turintis verslininkas. Versl\u0173 s\u0105jungos \u201eKONSULS\u201c valdybos pirmininkas ir vyriausiasis konsultantas.<\/span><\/p>\n<p><span style=\"font-size: 14pt;\">Versl\u0173 s\u0105jungos \u201eKONSULS\u201c i\u0161siskiria moksliniu ir \u012f proces\u0105 orientuotu ir individualiu po\u017ei\u016briu \u012f kiekvien\u0105 projekt\u0105 ir klient\u0105, ji rengia mokymus ir teikia konsultacijas. Konsultantai \u012fsteig\u0117 progresyv\u0173 Mokym\u0173 centr\u0105, kuris prognozuoja artimiausias verslo valdymo proces\u0173 tendencijas.\u00a0<\/span><\/p>\n\n\t\t<\/div> \n\t<\/div> \n\t\t\t<\/div>\n\t\t\t\t<\/div>\n\n\t<\/div> <\/div><\/div><\/div><\/div><\/div><div      class=\"vc_row wpb_row section vc_row-fluid\" style=' text-align:left;'><div class=\"full_section_inner clearfix\"><div class=\"wpb_column vc_column_container vc_col-sm-12\"><div class=\"vc_column-inner\"><div class=\"wpb_wrapper\">\n\t<div class=\"wpb_text_column wpb_content_element\">\n\t\t<div class=\"wpb_wrapper\">\n\t\t\t\n\t\t<\/div> \n\t<\/div> <\/div><\/div><\/div><\/div><\/div>\n<div      class=\"vc_row wpb_row section vc_row-fluid\" style=' text-align:left;'><div class=\"full_section_inner clearfix\"><div class=\"wpb_column vc_column_container vc_col-sm-12\"><div class=\"vc_column-inner\"><div class=\"wpb_wrapper\">\t<div class=\"vc_empty_space\"  style=\"height: 64px\" ><span\n\t\t\tclass=\"vc_empty_space_inner\">\n\t\t\t<span class=\"empty_space_image\"  ><\/span>\n\t\t<\/span><\/div>\n\n<\/div><\/div><\/div><\/div><\/div>","protected":false},"excerpt":{"rendered":"Konsultantai \u00a0 EVEL\u012aNA GRAVA: k\u016brybin\u0117 mokslinink\u0117, nuolatos besidominti naujovi\u0173 ir atradim\u0173 k\u016brimu. Ge\u0161talto psichoterapija, asmenyb\u0117s ugdymas, verslo augimas, literat\u016bra. \u00a0 Savirai\u0161kos konsultant\u0117 ir psichoterapeut\u0117 Daugiau nei 25 metus dirba psichoterapijos...","protected":false},"author":1,"featured_media":18378,"parent":0,"menu_order":0,"comment_status":"closed","ping_status":"closed","template":"","meta":[],"amp_enabled":true,"_links":{"self":[{"href":"https:\/\/www.konsuls.lv\/lt\/wp-json\/wp\/v2\/pages\/18475"}],"collection":[{"href":"https:\/\/www.konsuls.lv\/lt\/wp-json\/wp\/v2\/pages"}],"about":[{"href":"https:\/\/www.konsuls.lv\/lt\/wp-json\/wp\/v2\/types\/page"}],"author":[{"embeddable":true,"href":"https:\/\/www.konsuls.lv\/lt\/wp-json\/wp\/v2\/users\/1"}],"replies":[{"embeddable":true,"href":"https:\/\/www.konsuls.lv\/lt\/wp-json\/wp\/v2\/comments?post=18475"}],"version-history":[{"count":3,"href":"https:\/\/www.konsuls.lv\/lt\/wp-json\/wp\/v2\/pages\/18475\/revisions"}],"predecessor-version":[{"id":18742,"href":"https:\/\/www.konsuls.lv\/lt\/wp-json\/wp\/v2\/pages\/18475\/revisions\/18742"}],"wp:featuredmedia":[{"embeddable":true,"href":"https:\/\/www.konsuls.lv\/lt\/wp-json\/wp\/v2\/media\/18378"}],"wp:attachment":[{"href":"https:\/\/www.konsuls.lv\/lt\/wp-json\/wp\/v2\/media?parent=18475"}],"curies":[{"name":"wp","href":"https:\/\/api.w.org\/{rel}","templated":true}]}}