{"id":18480,"date":"2021-11-01T10:48:23","date_gmt":"2021-11-01T08:48:23","guid":{"rendered":"https:\/\/www.konsuls.lv\/?page_id=18480"},"modified":"2021-11-23T11:39:36","modified_gmt":"2021-11-23T09:39:36","slug":"evelynos-gravos-knygos","status":"publish","type":"page","link":"https:\/\/www.konsuls.lv\/lt\/evelynos-gravos-knygos\/","title":{"rendered":"Evelynos Gravos knygos"},"content":{"rendered":"<p><span style=\"font-size: 14pt;\"><br \/><\/span><\/p>\n<h3><strong><span style=\"font-size: 14pt;\">EVEL\u012aNA GRAVA<\/span><\/strong><\/h3>\n<br \/>\n<p><span style=\"font-size: 14pt;\"><img loading=\"lazy\" class=\"wp-image-18481 alignleft\" src=\"https:\/\/www.konsuls.lv\/wp-content\/uploads\/2021\/11\/61urVyo-VaL._SY600_-200x300.jpg\" alt=\"\" width=\"131\" height=\"197\" srcset=\"https:\/\/www.konsuls.lv\/wp-content\/uploads\/2021\/11\/61urVyo-VaL._SY600_-200x300.jpg 200w, https:\/\/www.konsuls.lv\/wp-content\/uploads\/2021\/11\/61urVyo-VaL._SY600_-8x12.jpg 8w, https:\/\/www.konsuls.lv\/wp-content\/uploads\/2021\/11\/61urVyo-VaL._SY600_.jpg 400w\" sizes=\"(max-width: 131px) 100vw, 131px\" \/>E. Grava yra 3 knyg\u0173 ir keleto publikacij\u0173 autor\u0117.<\/span><\/p>\n<p><span style=\"font-size: 14pt;\">Pirm\u0105 knyg\u0105 <strong>&#8220;Vis\u0173 recept\u0173 receptas&#8221;<\/strong> ji i\u0161leido 1997 m.<\/span><\/p>\n<p><span style=\"font-size: 14pt;\">Antroji knyga \u2013 psichoterapijos vadovas <strong>&#8220;I\u0161puosel\u0117tas blogis&#8221;<\/strong>, kuri tapo perkamiausia knyga knygynuose ir paklausiausios literat\u016bros s\u0105ra\u0161uose Latvijos bibliotekose, i\u0161leista 2013 m.<\/span><\/p>\n<p><span style=\"font-size: 14pt;\">O 2017 m. kartu su vokie\u010di\u0173 kilm\u0117s antikvarini\u0173 meno dirbini\u0173 ekspertu ir kolekcionieriumi Daniel Jahn buvo pristatyta knyga <strong>&#8220;Psichologija ir kulinarija arba kulinarija ir psichologija&#8221;<\/strong>.<\/span><\/p>\n<br \/>\n<hr \/>\n<br \/>\n<h3><strong><span style=\"font-size: 14pt;\">&#8220;I\u0161puosel\u0117tas blogis&#8221;: k<\/span>nygos atidarymas<\/strong><\/h3>\n<br \/>\n<p>\u00a0<img loading=\"lazy\" class=\"alignnone size-medium wp-image-18699\" src=\"https:\/\/www.konsuls.lv\/wp-content\/uploads\/2021\/11\/Izkoptais_launums_atversana_1-1-300x201.jpeg\" alt=\"\" width=\"300\" height=\"201\" srcset=\"https:\/\/www.konsuls.lv\/wp-content\/uploads\/2021\/11\/Izkoptais_launums_atversana_1-1-300x201.jpeg 300w, https:\/\/www.konsuls.lv\/wp-content\/uploads\/2021\/11\/Izkoptais_launums_atversana_1-1-768x514.jpeg 768w, https:\/\/www.konsuls.lv\/wp-content\/uploads\/2021\/11\/Izkoptais_launums_atversana_1-1-16x12.jpeg 16w, https:\/\/www.konsuls.lv\/wp-content\/uploads\/2021\/11\/Izkoptais_launums_atversana_1-1-700x468.jpeg 700w, https:\/\/www.konsuls.lv\/wp-content\/uploads\/2021\/11\/Izkoptais_launums_atversana_1-1.jpeg 960w\" sizes=\"(max-width: 300px) 100vw, 300px\" \/> \u00a0<img loading=\"lazy\" class=\"alignnone size-medium wp-image-18700\" src=\"https:\/\/www.konsuls.lv\/wp-content\/uploads\/2021\/11\/Izkoptais_launums_atversana_2-1-300x200.jpeg\" alt=\"\" width=\"300\" height=\"200\" srcset=\"https:\/\/www.konsuls.lv\/wp-content\/uploads\/2021\/11\/Izkoptais_launums_atversana_2-1-300x200.jpeg 300w, https:\/\/www.konsuls.lv\/wp-content\/uploads\/2021\/11\/Izkoptais_launums_atversana_2-1-768x512.jpeg 768w, https:\/\/www.konsuls.lv\/wp-content\/uploads\/2021\/11\/Izkoptais_launums_atversana_2-1-16x12.jpeg 16w, https:\/\/www.konsuls.lv\/wp-content\/uploads\/2021\/11\/Izkoptais_launums_atversana_2-1-700x467.jpeg 700w, https:\/\/www.konsuls.lv\/wp-content\/uploads\/2021\/11\/Izkoptais_launums_atversana_2-1.jpeg 960w\" sizes=\"(max-width: 300px) 100vw, 300px\" \/> \u00a0<img loading=\"lazy\" class=\"alignnone size-medium wp-image-18698\" src=\"https:\/\/www.konsuls.lv\/wp-content\/uploads\/2021\/11\/Izkoptais_launums_atversana_3-1-300x201.jpeg\" alt=\"\" width=\"300\" height=\"201\" srcset=\"https:\/\/www.konsuls.lv\/wp-content\/uploads\/2021\/11\/Izkoptais_launums_atversana_3-1-300x201.jpeg 300w, https:\/\/www.konsuls.lv\/wp-content\/uploads\/2021\/11\/Izkoptais_launums_atversana_3-1-768x514.jpeg 768w, https:\/\/www.konsuls.lv\/wp-content\/uploads\/2021\/11\/Izkoptais_launums_atversana_3-1-16x12.jpeg 16w, https:\/\/www.konsuls.lv\/wp-content\/uploads\/2021\/11\/Izkoptais_launums_atversana_3-1-700x468.jpeg 700w, https:\/\/www.konsuls.lv\/wp-content\/uploads\/2021\/11\/Izkoptais_launums_atversana_3-1.jpeg 960w\" sizes=\"(max-width: 300px) 100vw, 300px\" \/><\/p>\n<br \/>\n<p><iframe loading=\"lazy\" title=\"Izkoptais \u013baunums\" width=\"1060\" height=\"596\" src=\"https:\/\/www.youtube.com\/embed\/cwVR6Hj1iUE?feature=oembed\" frameborder=\"0\" allow=\"accelerometer; autoplay; clipboard-write; encrypted-media; gyroscope; picture-in-picture\" allowfullscreen><\/iframe><\/p>\n<br \/>\n<hr \/>\n<h3><strong><span style=\"font-size: 14pt;\">&#8220;Psichologija ir kulinarija arba kulinarija ir psichologija&#8221;: k<\/span>nygos atidarymas<\/strong><\/h3>\n<br \/>\n<p><img loading=\"lazy\" class=\"alignnone size-medium wp-image-18695\" src=\"https:\/\/www.konsuls.lv\/wp-content\/uploads\/2021\/11\/foto-viena-no-smalkakajam-latvijas-muizam-prezenteta-ipasa-gramata-58e1f80f7f60f-3-300x200.jpg\" alt=\"\" width=\"300\" height=\"200\" srcset=\"https:\/\/www.konsuls.lv\/wp-content\/uploads\/2021\/11\/foto-viena-no-smalkakajam-latvijas-muizam-prezenteta-ipasa-gramata-58e1f80f7f60f-3-300x200.jpg 300w, https:\/\/www.konsuls.lv\/wp-content\/uploads\/2021\/11\/foto-viena-no-smalkakajam-latvijas-muizam-prezenteta-ipasa-gramata-58e1f80f7f60f-3-768x512.jpg 768w, https:\/\/www.konsuls.lv\/wp-content\/uploads\/2021\/11\/foto-viena-no-smalkakajam-latvijas-muizam-prezenteta-ipasa-gramata-58e1f80f7f60f-3-16x12.jpg 16w, https:\/\/www.konsuls.lv\/wp-content\/uploads\/2021\/11\/foto-viena-no-smalkakajam-latvijas-muizam-prezenteta-ipasa-gramata-58e1f80f7f60f-3-700x467.jpg 700w, https:\/\/www.konsuls.lv\/wp-content\/uploads\/2021\/11\/foto-viena-no-smalkakajam-latvijas-muizam-prezenteta-ipasa-gramata-58e1f80f7f60f-3.jpg 1000w\" sizes=\"(max-width: 300px) 100vw, 300px\" \/> \u00a0<img loading=\"lazy\" class=\"alignnone size-medium wp-image-18691\" src=\"https:\/\/www.konsuls.lv\/wp-content\/uploads\/2021\/11\/foto-viena-no-smalkakajam-latvijas-muizam-prezenteta-ipasa-gramata-58e1f74d6ec47-2-300x200.jpg\" alt=\"\" width=\"300\" height=\"200\" srcset=\"https:\/\/www.konsuls.lv\/wp-content\/uploads\/2021\/11\/foto-viena-no-smalkakajam-latvijas-muizam-prezenteta-ipasa-gramata-58e1f74d6ec47-2-300x200.jpg 300w, https:\/\/www.konsuls.lv\/wp-content\/uploads\/2021\/11\/foto-viena-no-smalkakajam-latvijas-muizam-prezenteta-ipasa-gramata-58e1f74d6ec47-2-768x512.jpg 768w, https:\/\/www.konsuls.lv\/wp-content\/uploads\/2021\/11\/foto-viena-no-smalkakajam-latvijas-muizam-prezenteta-ipasa-gramata-58e1f74d6ec47-2-16x12.jpg 16w, https:\/\/www.konsuls.lv\/wp-content\/uploads\/2021\/11\/foto-viena-no-smalkakajam-latvijas-muizam-prezenteta-ipasa-gramata-58e1f74d6ec47-2-700x467.jpg 700w, https:\/\/www.konsuls.lv\/wp-content\/uploads\/2021\/11\/foto-viena-no-smalkakajam-latvijas-muizam-prezenteta-ipasa-gramata-58e1f74d6ec47-2.jpg 1000w\" sizes=\"(max-width: 300px) 100vw, 300px\" \/> \u00a0<img loading=\"lazy\" class=\"alignnone size-medium wp-image-18696\" src=\"https:\/\/www.konsuls.lv\/wp-content\/uploads\/2021\/11\/foto-viena-no-smalkakajam-latvijas-muizam-prezenteta-ipasa-gramata-58e1f7f4803a5-3-300x200.jpg\" alt=\"\" width=\"300\" height=\"200\" srcset=\"https:\/\/www.konsuls.lv\/wp-content\/uploads\/2021\/11\/foto-viena-no-smalkakajam-latvijas-muizam-prezenteta-ipasa-gramata-58e1f7f4803a5-3-300x200.jpg 300w, https:\/\/www.konsuls.lv\/wp-content\/uploads\/2021\/11\/foto-viena-no-smalkakajam-latvijas-muizam-prezenteta-ipasa-gramata-58e1f7f4803a5-3-768x512.jpg 768w, https:\/\/www.konsuls.lv\/wp-content\/uploads\/2021\/11\/foto-viena-no-smalkakajam-latvijas-muizam-prezenteta-ipasa-gramata-58e1f7f4803a5-3-16x12.jpg 16w, https:\/\/www.konsuls.lv\/wp-content\/uploads\/2021\/11\/foto-viena-no-smalkakajam-latvijas-muizam-prezenteta-ipasa-gramata-58e1f7f4803a5-3-700x467.jpg 700w, https:\/\/www.konsuls.lv\/wp-content\/uploads\/2021\/11\/foto-viena-no-smalkakajam-latvijas-muizam-prezenteta-ipasa-gramata-58e1f7f4803a5-3.jpg 1000w\" sizes=\"(max-width: 300px) 100vw, 300px\" \/> \u00a0<\/p>\n<br \/>\n<hr \/>\n<p>&nbsp;<\/p>","protected":false},"excerpt":{"rendered":"<p>EVEL\u012aNA GRAVA E. Grava yra 3 knyg\u0173 ir keleto publikacij\u0173 autor\u0117. Pirm\u0105 knyg\u0105 &#8220;Vis\u0173 recept\u0173 receptas&#8221; ji i\u0161leido 1997 m. Antroji knyga \u2013 psichoterapijos vadovas &#8220;I\u0161puosel\u0117tas blogis&#8221;, kuri tapo perkamiausia&#8230;<\/p>","protected":false},"author":1,"featured_media":0,"parent":0,"menu_order":0,"comment_status":"closed","ping_status":"closed","template":"","meta":[],"amp_enabled":true,"_links":{"self":[{"href":"https:\/\/www.konsuls.lv\/lt\/wp-json\/wp\/v2\/pages\/18480"}],"collection":[{"href":"https:\/\/www.konsuls.lv\/lt\/wp-json\/wp\/v2\/pages"}],"about":[{"href":"https:\/\/www.konsuls.lv\/lt\/wp-json\/wp\/v2\/types\/page"}],"author":[{"embeddable":true,"href":"https:\/\/www.konsuls.lv\/lt\/wp-json\/wp\/v2\/users\/1"}],"replies":[{"embeddable":true,"href":"https:\/\/www.konsuls.lv\/lt\/wp-json\/wp\/v2\/comments?post=18480"}],"version-history":[{"count":5,"href":"https:\/\/www.konsuls.lv\/lt\/wp-json\/wp\/v2\/pages\/18480\/revisions"}],"predecessor-version":[{"id":18703,"href":"https:\/\/www.konsuls.lv\/lt\/wp-json\/wp\/v2\/pages\/18480\/revisions\/18703"}],"wp:attachment":[{"href":"https:\/\/www.konsuls.lv\/lt\/wp-json\/wp\/v2\/media?parent=18480"}],"curies":[{"name":"wp","href":"https:\/\/api.w.org\/{rel}","templated":true}]}}