{"id":18485,"date":"2021-11-01T10:59:24","date_gmt":"2021-11-01T08:59:24","guid":{"rendered":"https:\/\/www.konsuls.lv\/?page_id=18485"},"modified":"2021-11-29T03:52:11","modified_gmt":"2021-11-29T01:52:11","slug":"bendradarbiavimas","status":"publish","type":"page","link":"https:\/\/www.konsuls.lv\/lt\/bendradarbiavimas\/","title":{"rendered":"Bendradarbiavimas"},"content":{"rendered":"<div      class=\"vc_row wpb_row section vc_row-fluid\" style=' text-align:left;'><div class=\"full_section_inner clearfix\"><div class=\"wpb_column vc_column_container vc_col-sm-12\"><div class=\"vc_column-inner\"><div class=\"wpb_wrapper\">\t<div class=\"vc_empty_space\"  style=\"height: 32px\" ><span\n\t\t\tclass=\"vc_empty_space_inner\">\n\t\t\t<span class=\"empty_space_image\"  ><\/span>\n\t\t<\/span><\/div>\n\n\n\t<div class=\"wpb_text_column wpb_content_element\">\n\t\t<div class=\"wpb_wrapper\">\n\t\t\t<h3><span style=\"font-size: 14pt;\"><strong>Bendradarbiavimas<\/strong><\/span><\/h3>\n<p><span style=\"font-size: 14pt;\"><br \/><\/span><\/p>\n<p><span style=\"font-size: 14pt;\">Mes esame pasireng\u0119 bendradarbiauti su tarptautiniais nepriekai\u0161ting\u0105 reputacij\u0105 turin\u010diais partneriais, keistis id\u0117jomis ir kurti naujus gaminius Lietuvos ir Lenkijos rinkose.<\/span><\/p>\n<p><span style=\"font-size: 14pt;\">D\u0117l bendradarbiavimo galimybi\u0173 susisiekite su Mokym\u0173 centro direktore Evel\u012bna Grava (pageidautina ra\u0161tu): <a href=\"\/lt\/&\/#109;&#x61;&#105;&#x6c;t&#111;&#x3a;&#105;&#x6e;f&#x6f;&#64;&#107;&#x6f;&#110;&#x73;u&#x6c;&#x73;&#46;&#x6c;v\">i&#110;&#102;&#111;&#x40;&#x6b;&#x6f;ns&#117;&#108;&#x73;&#x2e;&#x6c;&#x76;<\/a> arba telefonu +371 29238019.<\/span><\/p>\n<p><span style=\"font-size: 14pt;\"><br \/><br \/><\/span><\/p>\n<hr \/>\n<h3><span style=\"font-size: 14pt;\"><br \/><br \/><\/span><\/h3>\n<h3><span style=\"font-size: 14pt;\"><strong>Partneriai<\/strong><\/span><\/h3>\n<p><span style=\"font-size: 14pt;\"><br \/><\/span><\/p>\n\n\t\t<\/div> \n\t<\/div> <\/div><\/div><\/div><\/div><\/div><div      class=\"vc_row wpb_row section vc_row-fluid\" style=' text-align:left;'><div class=\"full_section_inner clearfix\"><div class=\"wpb_column vc_column_container vc_col-sm-12\"><div class=\"vc_column-inner\"><div class=\"wpb_wrapper\">\n\t<div class=\"wpb_text_column wpb_content_element\">\n\t\t<div class=\"wpb_wrapper\">\n\t\t\t<p> \u00a0 <\/p>\n\n\t\t<\/div> \n\t<\/div> <\/div><\/div><\/div><\/div><\/div><div      class=\"vc_row wpb_row section vc_row-fluid\" style=' text-align:left;'><div class=\"full_section_inner clearfix\"><div class=\"wpb_column vc_column_container vc_col-sm-12\"><div class=\"vc_column-inner\"><div class=\"wpb_wrapper\">\n\t<div class=\"q_accordion_holder clearfix wpb_content_element accordion without_icon  not-column-inherit\" data-active-tab=\"false\" data-collapsible=\"no\" data-border-radius=\"\">\n\t\t\t\n\t\t\t\t<h5 class=\"clearfix title-holder\" style=\"\"><span class=\"accordion_mark left_mark\"><span class=\"accordion_mark_icon\"><\/span><\/span><span class=\"tab-title\">Verslo \u017evalgybos klubas<\/span><span class=\"accordion_mark right_mark\"><span class=\"accordion_mark_icon\"><\/span><\/span><\/h5>\n\t\t\t\t<div  class=\"accordion_content no_icon\">\n\t\t\t<div class=\"accordion_content_inner\">\n\t\t\t\t\n\t<div class=\"wpb_text_column wpb_content_element\">\n\t\t<div class=\"wpb_wrapper\">\n\t\t\t<p> <strong><span style=\"font-size: 14pt;\"><u><img loading=\"lazy\" class=\"wp-image-18429 alignleft\" src=\"https:\/\/www.konsuls.lv\/wp-content\/uploads\/2021\/10\/2-Copy-300x300.png\" alt=\"\" width=\"111\" height=\"111\" srcset=\"https:\/\/www.konsuls.lv\/wp-content\/uploads\/2021\/10\/2-Copy-300x300.png 300w, https:\/\/www.konsuls.lv\/wp-content\/uploads\/2021\/10\/2-Copy-150x150.png 150w, https:\/\/www.konsuls.lv\/wp-content\/uploads\/2021\/10\/2-Copy-12x12.png 12w, https:\/\/www.konsuls.lv\/wp-content\/uploads\/2021\/10\/2-Copy.png 402w\" sizes=\"(max-width: 111px) 100vw, 111px\" \/><\/u><\/span><\/strong> <span style=\"font-size: 14pt;\">(Business Intelligence Club)<\/span> <span style=\"font-size: 14pt;\">Bendradarbiaujame nuo 2016 m. 2021 m. bendradarbiaujant paskelbtas Met\u0173 apdovanojimas &#8220;2021 m. novatori\u0161kiausia ir protingiausia verslo moteris&#8221;. \u0160io konkurso glob\u0117jai yra Italijos valstyb\u0117s veik\u0117jas ir visuomen\u0117je \u017einom\u0173 \u012fmoni\u0173 atstovai. Dalyvavim\u0105 \u0161iame presti\u017einiame apdovanojimo ceremonijoje jau patvirtino tokie \u017eym\u016bs asmenys kaip buv\u0119s \u0161alies prezidentas ir olimpinis vice\u010dempionas.<\/span> <\/p>\n\n\t\t<\/div> \n\t<\/div> \n\t\t\t<\/div>\n\t\t\t\t<\/div>\n\n\t\t\t\t<h5 class=\"clearfix title-holder\" style=\"\"><span class=\"accordion_mark left_mark\"><span class=\"accordion_mark_icon\"><\/span><\/span><span class=\"tab-title\">Europos pa\u017eangios psichologijos asociacija<\/span><span class=\"accordion_mark right_mark\"><span class=\"accordion_mark_icon\"><\/span><\/span><\/h5>\n\t\t\t\t<div  class=\"accordion_content no_icon\">\n\t\t\t<div class=\"accordion_content_inner\">\n\t\t\t\t\n\t<div class=\"wpb_text_column wpb_content_element\">\n\t\t<div class=\"wpb_wrapper\">\n\t\t\t<p> \u00a0 <strong><span style=\"font-size: 14pt;\"><u><img loading=\"lazy\" class=\"wp-image-18428 alignleft\" src=\"https:\/\/www.konsuls.lv\/wp-content\/uploads\/2021\/10\/AssociazionePsicologia-300x271.jpeg\" alt=\"\" width=\"115\" height=\"103\" srcset=\"https:\/\/www.konsuls.lv\/wp-content\/uploads\/2021\/10\/AssociazionePsicologia-300x271.jpeg 300w, https:\/\/www.konsuls.lv\/wp-content\/uploads\/2021\/10\/AssociazionePsicologia-13x12.jpeg 13w, https:\/\/www.konsuls.lv\/wp-content\/uploads\/2021\/10\/AssociazionePsicologia.jpeg 601w\" sizes=\"(max-width: 115px) 100vw, 115px\" \/><\/u><\/span><\/strong> <span style=\"font-size: 14pt;\">(Associazione Europea Della Psicologia Innovativa)<\/span> <span style=\"font-size: 14pt;\">Tai tarptautin\u0117 sk\u0117tin\u0117 organizacija apjungianti psichologus, filosofus, teologus, \u012ftakingus asmenis, k\u016brybini\u0173 sri\u010di\u0173 atstovus ir kit\u0173 humanitarini\u0173 moksl\u0173 specialistus. Asociacijos tikslas \u2013 pl\u0117toti naujovi\u0161kos psichologijos naudojim\u0105 visame pasaulyje ir atstovauti srities specialist\u0173 interesams su praktin\u0117s psichologijos mokslu ir profesine psicholog\u0173 veikla susijusiais klausimais.<\/span> <span style=\"font-size: 14pt;\">Mes esame nariai nuo 2015 m. Programos absolventams i\u0161duodamas asociacijos sertifikatas.<\/span> <\/p>\n\n\t\t<\/div> \n\t<\/div> \n\t\t\t<\/div>\n\t\t\t\t<\/div>\n\n\t\t\t\t<h5 class=\"clearfix title-holder\" style=\"\"><span class=\"accordion_mark left_mark\"><span class=\"accordion_mark_icon\"><\/span><\/span><span class=\"tab-title\">Latvijos prekybos ir pramon\u0117s r\u016bmai<\/span><span class=\"accordion_mark right_mark\"><span class=\"accordion_mark_icon\"><\/span><\/span><\/h5>\n\t\t\t\t<div  class=\"accordion_content no_icon\">\n\t\t\t<div class=\"accordion_content_inner\">\n\t\t\t\t\n\t<div class=\"wpb_text_column wpb_content_element\">\n\t\t<div class=\"wpb_wrapper\">\n\t\t\t<p> \u00a0 <strong><span style=\"font-size: 14pt;\"><u><img loading=\"lazy\" class=\"wp-image-18427 alignleft\" src=\"https:\/\/www.konsuls.lv\/wp-content\/uploads\/2021\/10\/PP9_LCCI_jaunais_LTRK_logo_ENG-300x300.jpg\" alt=\"\" width=\"121\" height=\"121\" srcset=\"https:\/\/www.konsuls.lv\/wp-content\/uploads\/2021\/10\/PP9_LCCI_jaunais_LTRK_logo_ENG-300x300.jpg 300w, https:\/\/www.konsuls.lv\/wp-content\/uploads\/2021\/10\/PP9_LCCI_jaunais_LTRK_logo_ENG-1024x1024.jpg 1024w, https:\/\/www.konsuls.lv\/wp-content\/uploads\/2021\/10\/PP9_LCCI_jaunais_LTRK_logo_ENG-150x150.jpg 150w, https:\/\/www.konsuls.lv\/wp-content\/uploads\/2021\/10\/PP9_LCCI_jaunais_LTRK_logo_ENG-768x768.jpg 768w, https:\/\/www.konsuls.lv\/wp-content\/uploads\/2021\/10\/PP9_LCCI_jaunais_LTRK_logo_ENG-12x12.jpg 12w, https:\/\/www.konsuls.lv\/wp-content\/uploads\/2021\/10\/PP9_LCCI_jaunais_LTRK_logo_ENG-570x570.jpg 570w, https:\/\/www.konsuls.lv\/wp-content\/uploads\/2021\/10\/PP9_LCCI_jaunais_LTRK_logo_ENG-500x500.jpg 500w, https:\/\/www.konsuls.lv\/wp-content\/uploads\/2021\/10\/PP9_LCCI_jaunais_LTRK_logo_ENG-1000x1000.jpg 1000w, https:\/\/www.konsuls.lv\/wp-content\/uploads\/2021\/10\/PP9_LCCI_jaunais_LTRK_logo_ENG-700x700.jpg 700w, https:\/\/www.konsuls.lv\/wp-content\/uploads\/2021\/10\/PP9_LCCI_jaunais_LTRK_logo_ENG.jpg 1208w\" sizes=\"(max-width: 121px) 100vw, 121px\" \/><\/u><\/span><\/strong> <span style=\"font-size: 14pt;\">Tai Latvijoje did\u017eiausia verslinink\u0173 draugija, apjungianti apie 6\u00a0000 nari\u0173 (3\u00a0000 individuali\u0173 \u012fmoni\u0173 ir 3\u00a0000 verslinink\u0173 draugij\u0173 atstov\u0173). Draugija atstovauja verslinink\u0173 interesams, teikia paslaugas, kad Latvijoje b\u016bt\u0173 i\u0161skirtini\u0173 \u012fmoni\u0173 ir i\u0161skirtin\u0117 verslo aplinka. Jos pagrindin\u0117s veiklos sritys \u2013 verslo aplinka, \u012fmoni\u0173 konkurencingumas, eksportas.<\/span> <span style=\"font-size: 14pt;\">Bendradarbiaujant su organizacija vedami internetiniai seminarai aktualiais verslo valdymo klausimais. Tikslin\u0117 auditorija \u2013 \u012fmoni\u0173 ir organizacij\u0173 auk\u0161\u010diausioji vadovyb\u0117 ir specialistai.<\/span> <\/p>\n\n\t\t<\/div> \n\t<\/div> \n\t\t\t<\/div>\n\t\t\t\t<\/div>\n\n\t<\/div> <\/div><\/div><\/div><\/div><\/div><div      class=\"vc_row wpb_row section vc_row-fluid\" style=' text-align:left;'><div class=\"full_section_inner clearfix\"><div class=\"wpb_column vc_column_container vc_col-sm-12\"><div class=\"vc_column-inner\"><div class=\"wpb_wrapper\">\n\t<div class=\"wpb_text_column wpb_content_element\">\n\t\t<div class=\"wpb_wrapper\">\n\t\t\t\n\t\t<\/div> \n\t<\/div> <\/div><\/div><\/div><\/div><\/div><div      class=\"vc_row wpb_row section vc_row-fluid\" style=' text-align:left;'><div class=\"full_section_inner clearfix\"><div class=\"wpb_column vc_column_container vc_col-sm-12\"><div class=\"vc_column-inner\"><div class=\"wpb_wrapper\">\n\t<div class=\"wpb_text_column wpb_content_element\">\n\t\t<div class=\"wpb_wrapper\">\n\t\t\t<p> <br \/> <br \/><\/p>\n<div id=\"highlighter--hover-tools\" style=\"display: none;\">\n<div id=\"highlighter--hover-tools--container\">\n<div class=\"highlighter--icon highlighter--icon-copy\" title=\"Copy\">\u00a0<\/div>\n<div class=\"highlighter--separator\">\u00a0<\/div>\n<div class=\"highlighter--icon highlighter--icon-change-color\" title=\"Change Color\">\u00a0<\/div>\n<div class=\"highlighter--separator\">\u00a0<\/div>\n<div class=\"highlighter--icon highlighter--icon-delete\" title=\"Delete\">\u00a0<\/div>\n<\/div>\n<\/div>\n\n\t\t<\/div> \n\t<\/div> <\/div><\/div><\/div><\/div><\/div>","protected":false},"excerpt":{"rendered":"Bendradarbiavimas Mes esame pasireng\u0119 bendradarbiauti su tarptautiniais nepriekai\u0161ting\u0105 reputacij\u0105 turin\u010diais partneriais, keistis id\u0117jomis ir kurti naujus gaminius Lietuvos ir Lenkijos rinkose. D\u0117l bendradarbiavimo galimybi\u0173 susisiekite su Mokym\u0173 centro direktore Evel\u012bna...","protected":false},"author":1,"featured_media":0,"parent":0,"menu_order":0,"comment_status":"closed","ping_status":"closed","template":"","meta":[],"amp_enabled":true,"_links":{"self":[{"href":"https:\/\/www.konsuls.lv\/lt\/wp-json\/wp\/v2\/pages\/18485"}],"collection":[{"href":"https:\/\/www.konsuls.lv\/lt\/wp-json\/wp\/v2\/pages"}],"about":[{"href":"https:\/\/www.konsuls.lv\/lt\/wp-json\/wp\/v2\/types\/page"}],"author":[{"embeddable":true,"href":"https:\/\/www.konsuls.lv\/lt\/wp-json\/wp\/v2\/users\/1"}],"replies":[{"embeddable":true,"href":"https:\/\/www.konsuls.lv\/lt\/wp-json\/wp\/v2\/comments?post=18485"}],"version-history":[{"count":5,"href":"https:\/\/www.konsuls.lv\/lt\/wp-json\/wp\/v2\/pages\/18485\/revisions"}],"predecessor-version":[{"id":18769,"href":"https:\/\/www.konsuls.lv\/lt\/wp-json\/wp\/v2\/pages\/18485\/revisions\/18769"}],"wp:attachment":[{"href":"https:\/\/www.konsuls.lv\/lt\/wp-json\/wp\/v2\/media?parent=18485"}],"curies":[{"name":"wp","href":"https:\/\/api.w.org\/{rel}","templated":true}]}}