{"id":18492,"date":"2021-11-01T11:10:38","date_gmt":"2021-11-01T09:10:38","guid":{"rendered":"https:\/\/www.konsuls.lv\/?page_id=18492"},"modified":"2021-11-01T13:41:42","modified_gmt":"2021-11-01T11:41:42","slug":"bendradarbiavimo-galimybes","status":"publish","type":"page","link":"https:\/\/www.konsuls.lv\/lt\/bendradarbiavimo-galimybes\/","title":{"rendered":"Bendradarbiavimo galimyb\u0117s"},"content":{"rendered":"<h3 style=\"text-align: center;\">Bendradarbiavimo galimyb\u0117s<\/h3>\n<br \/>\n<p><span style=\"font-size: 14pt;\">Mes esame pasireng\u0119 bendradarbiauti su tarptautiniais nepriekai\u0161ting\u0105 reputacij\u0105 turin\u010diais partneriais, keistis id\u0117jomis ir kurti naujus gaminius Lietuvos ir Lenkijos rinkose.<\/span><\/p>\n<p><span style=\"font-size: 14pt;\">D\u0117l bendradarbiavimo galimybi\u0173 susisiekite su Mokym\u0173 centro direktore <strong>Evel\u012bna Grava<\/strong> (pageidautina ra\u0161tu):\u00a0<a href=\"\/lt\/m&\/#97;&#105;&#x6c;&#x74;o&#58;&#105;&#x6e;&#x66;&#x6f;&#64;&#107;&#111;&#x6e;&#x73;ul&#115;&#x2e;&#x6c;&#x76;\">&#105;&#x6e;&#102;&#x6f;&#64;&#x6b;o&#x6e;s&#117;&#x6c;&#115;&#x2e;&#108;&#x76;<\/a>\u00a0arba telefonu +371 29238019.<\/span><\/p>\n<br \/>","protected":false},"excerpt":{"rendered":"<p>Bendradarbiavimo galimyb\u0117s Mes esame pasireng\u0119 bendradarbiauti su tarptautiniais nepriekai\u0161ting\u0105 reputacij\u0105 turin\u010diais partneriais, keistis id\u0117jomis ir kurti naujus gaminius Lietuvos ir Lenkijos rinkose. D\u0117l bendradarbiavimo galimybi\u0173 susisiekite su Mokym\u0173 centro direktore&#8230;<\/p>","protected":false},"author":1,"featured_media":0,"parent":0,"menu_order":0,"comment_status":"closed","ping_status":"closed","template":"","meta":[],"amp_enabled":true,"_links":{"self":[{"href":"https:\/\/www.konsuls.lv\/lt\/wp-json\/wp\/v2\/pages\/18492"}],"collection":[{"href":"https:\/\/www.konsuls.lv\/lt\/wp-json\/wp\/v2\/pages"}],"about":[{"href":"https:\/\/www.konsuls.lv\/lt\/wp-json\/wp\/v2\/types\/page"}],"author":[{"embeddable":true,"href":"https:\/\/www.konsuls.lv\/lt\/wp-json\/wp\/v2\/users\/1"}],"replies":[{"embeddable":true,"href":"https:\/\/www.konsuls.lv\/lt\/wp-json\/wp\/v2\/comments?post=18492"}],"version-history":[{"count":7,"href":"https:\/\/www.konsuls.lv\/lt\/wp-json\/wp\/v2\/pages\/18492\/revisions"}],"predecessor-version":[{"id":18494,"href":"https:\/\/www.konsuls.lv\/lt\/wp-json\/wp\/v2\/pages\/18492\/revisions\/18494"}],"wp:attachment":[{"href":"https:\/\/www.konsuls.lv\/lt\/wp-json\/wp\/v2\/media?parent=18492"}],"curies":[{"name":"wp","href":"https:\/\/api.w.org\/{rel}","templated":true}]}}