{"id":18497,"date":"2021-11-01T11:13:38","date_gmt":"2021-11-01T09:13:38","guid":{"rendered":"https:\/\/www.konsuls.lv\/?page_id=18497"},"modified":"2021-11-01T11:13:38","modified_gmt":"2021-11-01T09:13:38","slug":"bendradarbiavimo-partneriai","status":"publish","type":"page","link":"https:\/\/www.konsuls.lv\/lt\/bendradarbiavimo-partneriai\/","title":{"rendered":"Bendradarbiavimo partneriai"},"content":{"rendered":"<h3><span style=\"font-size: 14pt;\"><strong>PARTNERIAI<\/strong><\/span><\/h3>\n<br \/>\n<p><span style=\"font-size: 14pt;\"><u><img loading=\"lazy\" class=\"wp-image-18488 alignleft\" src=\"https:\/\/www.konsuls.lv\/wp-content\/uploads\/2021\/11\/2-Copy-300x300.png\" sizes=\"(max-width: 123px) 100vw, 123px\" srcset=\"https:\/\/www.konsuls.lv\/wp-content\/uploads\/2021\/11\/2-Copy-300x300.png 300w, https:\/\/www.konsuls.lv\/wp-content\/uploads\/2021\/11\/2-Copy-150x150.png 150w, https:\/\/www.konsuls.lv\/wp-content\/uploads\/2021\/11\/2-Copy-12x12.png 12w, https:\/\/www.konsuls.lv\/wp-content\/uploads\/2021\/11\/2-Copy.png 402w\" alt=\"\" width=\"123\" height=\"123\" \/><strong>Verslo \u017evalgybos klubas<\/strong><\/u><\/span><\/p>\n<p><span style=\"font-size: 14pt;\">(Business Intelligence Club)<\/span><\/p>\n<br \/>\n<p><span style=\"font-size: 14pt;\">Bendradarbiaujame nuo 2016 m. 2021 m. bendradarbiaujant paskelbtas Met\u0173 apdovanojimas \u201c2021 m. novatori\u0161kiausia ir protingiausia verslo moteris\u201d. \u0160io konkurso glob\u0117jai yra Italijos valstyb\u0117s veik\u0117jas ir visuomen\u0117je \u017einom\u0173 \u012fmoni\u0173 atstovai. Dalyvavim\u0105 \u0161iame presti\u017einiame apdovanojimo ceremonijoje jau patvirtino tokie \u017eym\u016bs asmenys kaip buv\u0119s \u0161alies prezidentas ir olimpinis vice\u010dempionas.<\/span><\/p>\n<br \/>\n<p><span style=\"font-size: 14pt;\"><u><img loading=\"lazy\" class=\"wp-image-18487 alignleft\" src=\"https:\/\/www.konsuls.lv\/wp-content\/uploads\/2021\/11\/AssociazionePsicologia-300x271.jpeg\" sizes=\"(max-width: 120px) 100vw, 120px\" srcset=\"https:\/\/www.konsuls.lv\/wp-content\/uploads\/2021\/11\/AssociazionePsicologia-300x271.jpeg 300w, https:\/\/www.konsuls.lv\/wp-content\/uploads\/2021\/11\/AssociazionePsicologia-13x12.jpeg 13w, https:\/\/www.konsuls.lv\/wp-content\/uploads\/2021\/11\/AssociazionePsicologia.jpeg 601w\" alt=\"\" width=\"120\" height=\"109\" \/><strong>Europos pa\u017eangios psichologijos asociacija<\/strong><\/u><\/span><\/p>\n<p><span style=\"font-size: 14pt;\">(Associazione Europea Della Psicologia Innovativa)<\/span><\/p>\n<br \/>\n<p><span style=\"font-size: 14pt;\">Tai tarptautin\u0117 sk\u0117tin\u0117 organizacija apjungianti psichologus, filosofus, teologus, \u012ftakingus asmenis, k\u016brybini\u0173 sri\u010di\u0173 atstovus ir kit\u0173 humanitarini\u0173 moksl\u0173 specialistus. Asociacijos tikslas \u2013 pl\u0117toti naujovi\u0161kos psichologijos naudojim\u0105 visame pasaulyje ir atstovauti srities specialist\u0173 interesams su praktin\u0117s psichologijos mokslu ir profesine psicholog\u0173 veikla susijusiais klausimais.<\/span><\/p>\n<p><span style=\"font-size: 14pt;\">Mes esame nariai nuo 2015 m. Programos absolventams i\u0161duodamas asociacijos sertifikatas.<\/span><\/p>\n<br \/>\n<p><span style=\"font-size: 14pt;\"><u><img loading=\"lazy\" class=\"wp-image-18486 alignleft\" src=\"https:\/\/www.konsuls.lv\/wp-content\/uploads\/2021\/11\/LTRK_logo_ENG-235x300.jpg\" sizes=\"(max-width: 122px) 100vw, 122px\" srcset=\"https:\/\/www.konsuls.lv\/wp-content\/uploads\/2021\/11\/LTRK_logo_ENG-235x300.jpg 235w, https:\/\/www.konsuls.lv\/wp-content\/uploads\/2021\/11\/LTRK_logo_ENG-803x1024.jpg 803w, https:\/\/www.konsuls.lv\/wp-content\/uploads\/2021\/11\/LTRK_logo_ENG-768x980.jpg 768w, https:\/\/www.konsuls.lv\/wp-content\/uploads\/2021\/11\/LTRK_logo_ENG-9x12.jpg 9w, https:\/\/www.konsuls.lv\/wp-content\/uploads\/2021\/11\/LTRK_logo_ENG-700x893.jpg 700w, https:\/\/www.konsuls.lv\/wp-content\/uploads\/2021\/11\/LTRK_logo_ENG.jpg 831w\" alt=\"\" width=\"122\" height=\"156\" \/><strong>Latvijos prekybos ir pramon\u0117s r\u016bmai<\/strong><\/u><\/span><\/p>\n<br \/>\n<p><span style=\"font-size: 14pt;\">Tai Latvijoje did\u017eiausia verslinink\u0173 draugija, apjungianti apie 6\u00a0000 nari\u0173 (3\u00a0000 individuali\u0173 \u012fmoni\u0173 ir 3\u00a0000 verslinink\u0173 draugij\u0173 atstov\u0173). Draugija atstovauja verslinink\u0173 interesams, teikia paslaugas, kad Latvijoje b\u016bt\u0173 i\u0161skirtini\u0173 \u012fmoni\u0173 ir i\u0161skirtin\u0117 verslo aplinka. Jos pagrindin\u0117s veiklos sritys \u2013 verslo aplinka, \u012fmoni\u0173 konkurencingumas, eksportas.<\/span><\/p>\n<p><span style=\"font-size: 14pt;\">Bendradarbiaujant su organizacija vedami internetiniai seminarai aktualiais verslo valdymo klausimais. Tikslin\u0117 auditorija \u2013 \u012fmoni\u0173 ir organizacij\u0173 auk\u0161\u010diausioji vadovyb\u0117 ir specialistai.<\/span><\/p>\n<br \/>","protected":false},"excerpt":{"rendered":"<p>PARTNERIAI Verslo \u017evalgybos klubas (Business Intelligence Club) Bendradarbiaujame nuo 2016 m. 2021 m. bendradarbiaujant paskelbtas Met\u0173 apdovanojimas \u201c2021 m. novatori\u0161kiausia ir protingiausia verslo moteris\u201d. \u0160io konkurso glob\u0117jai yra Italijos valstyb\u0117s&#8230;<\/p>","protected":false},"author":1,"featured_media":0,"parent":0,"menu_order":0,"comment_status":"closed","ping_status":"closed","template":"","meta":[],"amp_enabled":true,"_links":{"self":[{"href":"https:\/\/www.konsuls.lv\/lt\/wp-json\/wp\/v2\/pages\/18497"}],"collection":[{"href":"https:\/\/www.konsuls.lv\/lt\/wp-json\/wp\/v2\/pages"}],"about":[{"href":"https:\/\/www.konsuls.lv\/lt\/wp-json\/wp\/v2\/types\/page"}],"author":[{"embeddable":true,"href":"https:\/\/www.konsuls.lv\/lt\/wp-json\/wp\/v2\/users\/1"}],"replies":[{"embeddable":true,"href":"https:\/\/www.konsuls.lv\/lt\/wp-json\/wp\/v2\/comments?post=18497"}],"version-history":[{"count":1,"href":"https:\/\/www.konsuls.lv\/lt\/wp-json\/wp\/v2\/pages\/18497\/revisions"}],"predecessor-version":[{"id":18498,"href":"https:\/\/www.konsuls.lv\/lt\/wp-json\/wp\/v2\/pages\/18497\/revisions\/18498"}],"wp:attachment":[{"href":"https:\/\/www.konsuls.lv\/lt\/wp-json\/wp\/v2\/media?parent=18497"}],"curies":[{"name":"wp","href":"https:\/\/api.w.org\/{rel}","templated":true}]}}