{"id":18757,"date":"2021-11-29T03:47:42","date_gmt":"2021-11-29T01:47:42","guid":{"rendered":"https:\/\/www.konsuls.lv\/?page_id=18757"},"modified":"2021-11-29T11:32:11","modified_gmt":"2021-11-29T09:32:11","slug":"tarptautine-patirtis","status":"publish","type":"page","link":"https:\/\/www.konsuls.lv\/lt\/tarptautine-patirtis\/","title":{"rendered":"Tarptautin\u0117 patirtis"},"content":{"rendered":"<br \/>\n<h3>Tarptautin\u0117 patirtis<\/h3>\n<br \/>\n<p><span style=\"font-size: 14pt;\"><strong>Dalyvavimas Frankfurto knyg\u0173 mug\u0117je (2015)<\/strong><\/span><\/p>\n<br \/>\n<p><img loading=\"lazy\" class=\"alignnone size-medium wp-image-18816\" src=\"https:\/\/www.konsuls.lv\/wp-content\/uploads\/2021\/11\/International-experience-4-Evelina-Grava-2-300x227.jpeg\" alt=\"\" width=\"300\" height=\"227\" srcset=\"https:\/\/www.konsuls.lv\/wp-content\/uploads\/2021\/11\/International-experience-4-Evelina-Grava-2-300x227.jpeg 300w, https:\/\/www.konsuls.lv\/wp-content\/uploads\/2021\/11\/International-experience-4-Evelina-Grava-2-768x582.jpeg 768w, https:\/\/www.konsuls.lv\/wp-content\/uploads\/2021\/11\/International-experience-4-Evelina-Grava-2-16x12.jpeg 16w, https:\/\/www.konsuls.lv\/wp-content\/uploads\/2021\/11\/International-experience-4-Evelina-Grava-2-500x380.jpeg 500w, https:\/\/www.konsuls.lv\/wp-content\/uploads\/2021\/11\/International-experience-4-Evelina-Grava-2-700x530.jpeg 700w, https:\/\/www.konsuls.lv\/wp-content\/uploads\/2021\/11\/International-experience-4-Evelina-Grava-2.jpeg 948w\" sizes=\"(max-width: 300px) 100vw, 300px\" \/>\u00a0 \u00a0<img loading=\"lazy\" class=\"alignnone size-medium wp-image-18693\" src=\"https:\/\/www.konsuls.lv\/wp-content\/uploads\/2021\/11\/International-experience-3-Evelina-Grava-1-300x225.jpeg\" alt=\"\" width=\"300\" height=\"225\" srcset=\"https:\/\/www.konsuls.lv\/wp-content\/uploads\/2021\/11\/International-experience-3-Evelina-Grava-1-300x225.jpeg 300w, https:\/\/www.konsuls.lv\/wp-content\/uploads\/2021\/11\/International-experience-3-Evelina-Grava-1-768x576.jpeg 768w, https:\/\/www.konsuls.lv\/wp-content\/uploads\/2021\/11\/International-experience-3-Evelina-Grava-1-16x12.jpeg 16w, https:\/\/www.konsuls.lv\/wp-content\/uploads\/2021\/11\/International-experience-3-Evelina-Grava-1-800x600.jpeg 800w, https:\/\/www.konsuls.lv\/wp-content\/uploads\/2021\/11\/International-experience-3-Evelina-Grava-1-700x525.jpeg 700w, https:\/\/www.konsuls.lv\/wp-content\/uploads\/2021\/11\/International-experience-3-Evelina-Grava-1.jpeg 960w\" sizes=\"(max-width: 300px) 100vw, 300px\" \/><\/p>\n<p><img loading=\"lazy\" class=\"alignnone size-medium wp-image-18690\" src=\"https:\/\/www.konsuls.lv\/wp-content\/uploads\/2021\/11\/International-experience-1-Evelina-Grava-1-300x246.jpeg\" alt=\"\" width=\"300\" height=\"246\" srcset=\"https:\/\/www.konsuls.lv\/wp-content\/uploads\/2021\/11\/International-experience-1-Evelina-Grava-1-300x246.jpeg 300w, https:\/\/www.konsuls.lv\/wp-content\/uploads\/2021\/11\/International-experience-1-Evelina-Grava-1-768x629.jpeg 768w, https:\/\/www.konsuls.lv\/wp-content\/uploads\/2021\/11\/International-experience-1-Evelina-Grava-1-16x12.jpeg 16w, https:\/\/www.konsuls.lv\/wp-content\/uploads\/2021\/11\/International-experience-1-Evelina-Grava-1-700x573.jpeg 700w, https:\/\/www.konsuls.lv\/wp-content\/uploads\/2021\/11\/International-experience-1-Evelina-Grava-1.jpeg 922w\" sizes=\"(max-width: 300px) 100vw, 300px\" \/>\u00a0 \u00a0<img loading=\"lazy\" class=\"alignnone size-medium wp-image-18694\" src=\"https:\/\/www.konsuls.lv\/wp-content\/uploads\/2021\/11\/International-experience-2-Evelina-Grava-1-300x252.jpeg\" alt=\"\" width=\"300\" height=\"252\" srcset=\"https:\/\/www.konsuls.lv\/wp-content\/uploads\/2021\/11\/International-experience-2-Evelina-Grava-1-300x252.jpeg 300w, https:\/\/www.konsuls.lv\/wp-content\/uploads\/2021\/11\/International-experience-2-Evelina-Grava-1-768x645.jpeg 768w, https:\/\/www.konsuls.lv\/wp-content\/uploads\/2021\/11\/International-experience-2-Evelina-Grava-1-14x12.jpeg 14w, https:\/\/www.konsuls.lv\/wp-content\/uploads\/2021\/11\/International-experience-2-Evelina-Grava-1-700x588.jpeg 700w, https:\/\/www.konsuls.lv\/wp-content\/uploads\/2021\/11\/International-experience-2-Evelina-Grava-1.jpeg 825w\" sizes=\"(max-width: 300px) 100vw, 300px\" \/><\/p>\n<br \/>","protected":false},"excerpt":{"rendered":"<p>Tarptautin\u0117 patirtis Dalyvavimas Frankfurto knyg\u0173 mug\u0117je (2015) \u00a0 \u00a0 \u00a0 \u00a0<\/p>","protected":false},"author":1,"featured_media":0,"parent":0,"menu_order":0,"comment_status":"closed","ping_status":"closed","template":"","meta":[],"amp_enabled":true,"_links":{"self":[{"href":"https:\/\/www.konsuls.lv\/lt\/wp-json\/wp\/v2\/pages\/18757"}],"collection":[{"href":"https:\/\/www.konsuls.lv\/lt\/wp-json\/wp\/v2\/pages"}],"about":[{"href":"https:\/\/www.konsuls.lv\/lt\/wp-json\/wp\/v2\/types\/page"}],"author":[{"embeddable":true,"href":"https:\/\/www.konsuls.lv\/lt\/wp-json\/wp\/v2\/users\/1"}],"replies":[{"embeddable":true,"href":"https:\/\/www.konsuls.lv\/lt\/wp-json\/wp\/v2\/comments?post=18757"}],"version-history":[{"count":3,"href":"https:\/\/www.konsuls.lv\/lt\/wp-json\/wp\/v2\/pages\/18757\/revisions"}],"predecessor-version":[{"id":18817,"href":"https:\/\/www.konsuls.lv\/lt\/wp-json\/wp\/v2\/pages\/18757\/revisions\/18817"}],"wp:attachment":[{"href":"https:\/\/www.konsuls.lv\/lt\/wp-json\/wp\/v2\/media?parent=18757"}],"curies":[{"name":"wp","href":"https:\/\/api.w.org\/{rel}","templated":true}]}}